{"id":946,"date":"2025-04-28T18:02:17","date_gmt":"2025-04-28T16:02:17","guid":{"rendered":"https:\/\/johannesauer.com\/en\/?page_id=946"},"modified":"2026-01-09T15:00:13","modified_gmt":"2026-01-09T14:00:13","slug":"contact","status":"publish","type":"page","link":"https:\/\/johannesauer.com\/de\/contact\/","title":{"rendered":"Kontakt"},"content":{"rendered":"\n<div class=\"wp-block-cover alignfull is-light has-aspect-ratio wp-duotone-094850-e2faf9-1\" style=\"margin-top:0;padding-top:48px;padding-right:48px;padding-bottom:48px;padding-left:48px;min-height:66vh;aspect-ratio:auto;min-height:unset;\"><img loading=\"lazy\" decoding=\"async\" width=\"1024\" height=\"593\" class=\"wp-block-cover__image-background wp-image-1195 size-large\" alt=\"Johannes Auer working on SAP VIM on a laptop wearing AirPods\" src=\"https:\/\/johannesauer.com\/wp-content\/uploads\/2025\/06\/5-1024x593.jpg\" style=\"object-position:51% 27%\" data-object-fit=\"cover\" data-object-position=\"51% 27%\" srcset=\"https:\/\/johannesauer.com\/wp-content\/uploads\/2025\/06\/5-1024x593.jpg 1024w, https:\/\/johannesauer.com\/wp-content\/uploads\/2025\/06\/5-300x174.jpg 300w, https:\/\/johannesauer.com\/wp-content\/uploads\/2025\/06\/5-768x445.jpg 768w, https:\/\/johannesauer.com\/wp-content\/uploads\/2025\/06\/5-1536x890.jpg 1536w, https:\/\/johannesauer.com\/wp-content\/uploads\/2025\/06\/5-2048x1186.jpg 2048w\" sizes=\"auto, (max-width: 1024px) 100vw, 1024px\" \/><span aria-hidden=\"true\" class=\"wp-block-cover__background has-base-background-color has-background-dim-30 has-background-dim\"><\/span><div class=\"wp-block-cover__inner-container is-layout-flow wp-block-cover-is-layout-flow\">\n<div class=\"wp-block-group is-style-default has-global-padding is-content-justification-left is-layout-constrained wp-container-core-group-is-layout-0b562c1c wp-block-group-is-layout-constrained\">\n<h2 class=\"wp-block-heading has-text-align-left has-white-color has-text-color\" style=\"font-size:clamp(31.152px, 1.947rem + ((1vw - 3.2px) * 2.338), 55px);font-style:normal;font-weight:700;letter-spacing:0px;line-height:1;text-transform:uppercase\">Kontakt<\/h2>\n\n\n\n<h2 class=\"wp-block-heading alignfull has-text-align-right has-white-color has-text-color\" style=\"font-size:clamp(23.54px, 1.471rem + ((1vw - 3.2px) * 1.516), 39px);font-style:normal;font-weight:700;letter-spacing:0px;line-height:1;text-transform:uppercase\"><br>Johannes Auer<br>SAP VIM Berater<\/h2>\n\n\n\n<div style=\"height:72px\" aria-hidden=\"true\" class=\"wp-block-spacer\"><\/div>\n<\/div>\n<\/div><\/div>\n\n\n\n<figure class=\"wp-block-image aligncenter size-medium is-resized has-custom-border is-style-rounded wp-duotone-unset-2\" style=\"margin-top:var(--wp--preset--spacing--50);margin-bottom:var(--wp--preset--spacing--50)\"><img loading=\"lazy\" decoding=\"async\" width=\"300\" height=\"300\" src=\"https:\/\/johannesauer.com\/wp-content\/uploads\/2025\/04\/Profilbild_weit-300x300.jpg\" alt=\"Profile Picture of Johannes Auer\" class=\"wp-image-951\" style=\"border-style:none;border-width:0px;border-radius:100px;width:153px;height:auto\" srcset=\"https:\/\/johannesauer.com\/wp-content\/uploads\/2025\/04\/Profilbild_weit-300x300.jpg 300w, https:\/\/johannesauer.com\/wp-content\/uploads\/2025\/04\/Profilbild_weit-1024x1024.jpg 1024w, https:\/\/johannesauer.com\/wp-content\/uploads\/2025\/04\/Profilbild_weit-150x150.jpg 150w, https:\/\/johannesauer.com\/wp-content\/uploads\/2025\/04\/Profilbild_weit-768x768.jpg 768w, https:\/\/johannesauer.com\/wp-content\/uploads\/2025\/04\/Profilbild_weit-1536x1536.jpg 1536w, https:\/\/johannesauer.com\/wp-content\/uploads\/2025\/04\/Profilbild_weit.jpg 1700w\" sizes=\"auto, (max-width: 300px) 100vw, 300px\" \/><\/figure>\n\n\n\n<div class=\"wp-block-group has-global-padding is-layout-constrained wp-block-group-is-layout-constrained\">\n<blockquote class=\"wp-block-quote is-layout-flow wp-block-quote-is-layout-flow\">\n<p>&#8222;Egal, an welchem Punkt Sie bei SAP Vendor Invoice management (SAP VIM) stehen \u2013 ich freue mich auf Ihre Nachricht und darauf, wie ich Sie bei Ihren Zielen unterst\u00fctzen kann.&#8220;<\/p>\n<\/blockquote>\n\n\n\n<figure class=\"wp-block-image aligncenter size-full is-resized\" style=\"margin-top:0;margin-bottom:0\"><img loading=\"lazy\" decoding=\"async\" width=\"899\" height=\"336\" src=\"https:\/\/johannesauer.com\/wp-content\/uploads\/2025\/06\/sig.png\" alt=\"Signature of Johannes Auer SAP VIM Consultant\" class=\"wp-image-1205\" style=\"width:169px;height:auto\" srcset=\"https:\/\/johannesauer.com\/wp-content\/uploads\/2025\/06\/sig.png 899w, https:\/\/johannesauer.com\/wp-content\/uploads\/2025\/06\/sig-300x112.png 300w, https:\/\/johannesauer.com\/wp-content\/uploads\/2025\/06\/sig-768x287.png 768w\" sizes=\"auto, (max-width: 899px) 100vw, 899px\" \/><\/figure>\n<\/div>\n\n\n\n<div class=\"wp-block-columns is-layout-flex wp-container-core-columns-is-layout-0884d4d2 wp-block-columns-is-layout-flex\" style=\"margin-top:var(--wp--preset--spacing--50);margin-bottom:var(--wp--preset--spacing--50)\">\n<div class=\"wp-block-column is-layout-flow wp-block-column-is-layout-flow\" style=\"flex-basis:25%\"><\/div>\n\n\n\n<div class=\"wp-block-column is-layout-flow wp-block-column-is-layout-flow\" style=\"flex-basis:50%\"><div\n\t\tclass=\"free align wp-block-btn-button\"\tid='btnButton-3'\n\tdata-nonce='&quot;344e56f815&quot;'\n\tdata-attributes='{&quot;cPostId&quot;:946,&quot;text&quot;:&quot;Termin planen&quot;,&quot;url&quot;:&quot;https:\\\/\\\/cal.com\\\/johannesauer.com\\\/choose&quot;,&quot;icon&quot;:{&quot;class&quot;:&quot;fa-regular fa-calendar-check&quot;},&quot;isFullWidth&quot;:true,&quot;typography&quot;:{&quot;fontSize&quot;:16,&quot;fontWeight&quot;:600,&quot;textDecoration&quot;:&quot;none&quot;},&quot;colors&quot;:{&quot;color&quot;:&quot;#fff&quot;,&quot;bg&quot;:&quot;#111111&quot;},&quot;hovColors&quot;:{&quot;color&quot;:&quot;#fff&quot;,&quot;bg&quot;:&quot;rgba(42, 179, 177, 1)&quot;},&quot;align&quot;:&quot;&quot;,&quot;actionType&quot;:&quot;link&quot;,&quot;security&quot;:&quot;none&quot;,&quot;securityPassword&quot;:&quot;&quot;,&quot;tooltip&quot;:&quot;&quot;,&quot;tooltipPos&quot;:&quot;top&quot;,&quot;target&quot;:&quot;_self&quot;,&quot;attrs&quot;:{&quot;rel&quot;:&quot;noreferrer&quot;,&quot;referrerpolicy&quot;:&quot;no-referrer&quot;},&quot;hideOn&quot;:{&quot;desktop&quot;:false,&quot;tablet&quot;:false,&quot;mobile&quot;:false},&quot;isDownload&quot;:false,&quot;downloadFileName&quot;:&quot;&quot;,&quot;isUpIcon&quot;:false,&quot;upIcon&quot;:{&quot;id&quot;:null,&quot;url&quot;:&quot;&quot;,&quot;alt&quot;:&quot;&quot;,&quot;title&quot;:&quot;&quot;},&quot;iconPos&quot;:&quot;left&quot;,&quot;type&quot;:&quot;flat&quot;,&quot;size&quot;:&quot;medium&quot;,&quot;popup&quot;:{&quot;type&quot;:&quot;image&quot;,&quot;content&quot;:&quot;&quot;,&quot;caption&quot;:&quot;&quot;,&quot;width&quot;:&quot;&quot;},&quot;animationType&quot;:&quot;&quot;,&quot;animationDuration&quot;:0.4,&quot;addID&quot;:&quot;&quot;,&quot;addCSS&quot;:&quot;&quot;,&quot;alignment&quot;:&quot;center&quot;,&quot;padding&quot;:{&quot;vertical&quot;:&quot;12px&quot;,&quot;horizontal&quot;:&quot;24px&quot;},&quot;border&quot;:{&quot;radius&quot;:&quot;5px&quot;},&quot;shadow&quot;:[]}'\n\tdata-info='{&quot;userRoles&quot;:[],&quot;loginURL&quot;:&quot;https:\\\/\\\/johannesauer.com\\\/wp-login.php&quot;}'\n\tdata-pipecheck=''\n><\/div>\n\n<div\n\t\tclass=\"free align wp-block-btn-button\"\tid='btnButton-4'\n\tdata-nonce='&quot;344e56f815&quot;'\n\tdata-attributes='{&quot;cPostId&quot;:946,&quot;text&quot;:&quot;E-Mail&quot;,&quot;url&quot;:&quot;mailto:mail@johannesauer.com&quot;,&quot;icon&quot;:{&quot;class&quot;:&quot;fa-solid fa-at&quot;},&quot;isFullWidth&quot;:true,&quot;typography&quot;:{&quot;fontSize&quot;:16,&quot;fontWeight&quot;:600,&quot;textDecoration&quot;:&quot;none&quot;},&quot;colors&quot;:{&quot;color&quot;:&quot;#fff&quot;,&quot;bg&quot;:&quot;#111111&quot;},&quot;hovColors&quot;:{&quot;color&quot;:&quot;#fff&quot;,&quot;bg&quot;:&quot;rgba(42, 179, 177, 1)&quot;},&quot;align&quot;:&quot;&quot;,&quot;actionType&quot;:&quot;link&quot;,&quot;security&quot;:&quot;none&quot;,&quot;securityPassword&quot;:&quot;&quot;,&quot;tooltip&quot;:&quot;&quot;,&quot;tooltipPos&quot;:&quot;top&quot;,&quot;target&quot;:&quot;_self&quot;,&quot;attrs&quot;:{&quot;rel&quot;:&quot;noreferrer&quot;,&quot;referrerpolicy&quot;:&quot;no-referrer&quot;},&quot;hideOn&quot;:{&quot;desktop&quot;:false,&quot;tablet&quot;:false,&quot;mobile&quot;:false},&quot;isDownload&quot;:false,&quot;downloadFileName&quot;:&quot;&quot;,&quot;isUpIcon&quot;:false,&quot;upIcon&quot;:{&quot;id&quot;:null,&quot;url&quot;:&quot;&quot;,&quot;alt&quot;:&quot;&quot;,&quot;title&quot;:&quot;&quot;},&quot;iconPos&quot;:&quot;left&quot;,&quot;type&quot;:&quot;flat&quot;,&quot;size&quot;:&quot;medium&quot;,&quot;popup&quot;:{&quot;type&quot;:&quot;image&quot;,&quot;content&quot;:&quot;&quot;,&quot;caption&quot;:&quot;&quot;,&quot;width&quot;:&quot;&quot;},&quot;animationType&quot;:&quot;&quot;,&quot;animationDuration&quot;:0.4,&quot;addID&quot;:&quot;&quot;,&quot;addCSS&quot;:&quot;&quot;,&quot;alignment&quot;:&quot;center&quot;,&quot;padding&quot;:{&quot;vertical&quot;:&quot;12px&quot;,&quot;horizontal&quot;:&quot;24px&quot;},&quot;border&quot;:{&quot;radius&quot;:&quot;5px&quot;},&quot;shadow&quot;:[]}'\n\tdata-info='{&quot;userRoles&quot;:[],&quot;loginURL&quot;:&quot;https:\\\/\\\/johannesauer.com\\\/wp-login.php&quot;}'\n\tdata-pipecheck=''\n><\/div>\n\n<div\n\t\tclass=\"free align wp-block-btn-button\"\tid='btnButton-5'\n\tdata-nonce='&quot;344e56f815&quot;'\n\tdata-attributes='{&quot;cPostId&quot;:946,&quot;text&quot;:&quot;Linkedin&quot;,&quot;url&quot;:&quot;http:\\\/\\\/www.linkedin.com\\\/in\\\/auer&quot;,&quot;icon&quot;:{&quot;class&quot;:&quot;fa-brands fa-linkedin-in&quot;},&quot;isFullWidth&quot;:true,&quot;typography&quot;:{&quot;fontSize&quot;:16,&quot;fontWeight&quot;:600,&quot;textDecoration&quot;:&quot;none&quot;},&quot;colors&quot;:{&quot;color&quot;:&quot;#fff&quot;,&quot;bg&quot;:&quot;#111111&quot;},&quot;hovColors&quot;:{&quot;color&quot;:&quot;#fff&quot;,&quot;bg&quot;:&quot;rgba(42, 179, 177, 1)&quot;},&quot;align&quot;:&quot;&quot;,&quot;actionType&quot;:&quot;link&quot;,&quot;security&quot;:&quot;none&quot;,&quot;securityPassword&quot;:&quot;&quot;,&quot;tooltip&quot;:&quot;&quot;,&quot;tooltipPos&quot;:&quot;top&quot;,&quot;target&quot;:&quot;_self&quot;,&quot;attrs&quot;:{&quot;rel&quot;:&quot;noreferrer&quot;,&quot;referrerpolicy&quot;:&quot;no-referrer&quot;},&quot;hideOn&quot;:{&quot;desktop&quot;:false,&quot;tablet&quot;:false,&quot;mobile&quot;:false},&quot;isDownload&quot;:false,&quot;downloadFileName&quot;:&quot;&quot;,&quot;isUpIcon&quot;:false,&quot;upIcon&quot;:{&quot;id&quot;:null,&quot;url&quot;:&quot;&quot;,&quot;alt&quot;:&quot;&quot;,&quot;title&quot;:&quot;&quot;},&quot;iconPos&quot;:&quot;left&quot;,&quot;type&quot;:&quot;flat&quot;,&quot;size&quot;:&quot;medium&quot;,&quot;popup&quot;:{&quot;type&quot;:&quot;image&quot;,&quot;content&quot;:&quot;&quot;,&quot;caption&quot;:&quot;&quot;,&quot;width&quot;:&quot;&quot;},&quot;animationType&quot;:&quot;&quot;,&quot;animationDuration&quot;:0.4,&quot;addID&quot;:&quot;&quot;,&quot;addCSS&quot;:&quot;&quot;,&quot;alignment&quot;:&quot;center&quot;,&quot;padding&quot;:{&quot;vertical&quot;:&quot;12px&quot;,&quot;horizontal&quot;:&quot;24px&quot;},&quot;border&quot;:{&quot;radius&quot;:&quot;5px&quot;},&quot;shadow&quot;:[]}'\n\tdata-info='{&quot;userRoles&quot;:[],&quot;loginURL&quot;:&quot;https:\\\/\\\/johannesauer.com\\\/wp-login.php&quot;}'\n\tdata-pipecheck=''\n><\/div><\/div>\n\n\n\n<div class=\"wp-block-column is-layout-flow wp-block-column-is-layout-flow\" style=\"flex-basis:25%\"><\/div>\n<\/div>\n\n\n\n<div class=\"wp-block-group has-global-padding is-layout-constrained wp-block-group-is-layout-constrained\" style=\"margin-top:var(--wp--preset--spacing--50);margin-bottom:var(--wp--preset--spacing--50);padding-top:0;padding-bottom:0\">\n<style>\n.language-section {\n  display: flex;\n  justify-content: center;\n  gap: 3rem;\n  margin: 2rem 0;\n  font-family: sans-serif;\n  flex-wrap: wrap;\n}\n\n.language-box {\n  text-align: center;\n  width: 180px;\n}\n\n.language-box img {\n  width: 50px;\n  height: 50px;\n  border-radius: 50%;\n  filter: grayscale(100%) brightness(95%);\n}\n\n.language-title {\n  font-size: 1rem;\n  margin-top: 0.7rem;\n  font-weight: 600;\n}\n\n.language-subtitle {\n  color: #555;\n  font-size: 0.9rem;\n  margin-bottom: 0.5rem;\n}\n\n.language-bar-container {\n  background-color: #e2faf9;\n  border-radius: 6px;\n  height: 8px;\n  width: 100%;\n  margin-top: 0.4rem;\n}\n\n.language-bar {\n  height: 8px;\n  background-color: #2ab3b1;\n  border-radius: 6px;\n}\n<\/style>\n\n<div class=\"language-section\">\n  <div class=\"language-box\">\n    <div class=\"language-title\">Deutsch<\/div>\n    <div class=\"language-subtitle\">Muttersprache<\/div>\n    <div class=\"language-bar-container\">\n      <div class=\"language-bar\" style=\"width: 100%;\"><\/div>\n    <\/div>\n  <\/div>\n  <div class=\"language-box\">\n    <div class=\"language-title\">English<\/div>\n    <div class=\"language-subtitle\">verhandlungssicher<\/div>\n    <div class=\"language-bar-container\">\n      <div class=\"language-bar\" style=\"width: 90%;\"><\/div>\n    <\/div>\n  <\/div>\n<\/div>\n<\/div>\n\n\n\n<div class=\"wp-block-cover alignfull is-light has-aspect-ratio wp-duotone-051d21-e2faf9-6\" style=\"margin-top:0;padding-top:48px;padding-right:48px;padding-bottom:48px;padding-left:48px;min-height:66vh;aspect-ratio:auto;min-height:unset;\"><img loading=\"lazy\" decoding=\"async\" width=\"1024\" height=\"639\" class=\"wp-block-cover__image-background wp-image-1020 size-large\" alt=\"iPhone with an active call with SAP VIM Consultant Johannes Auer.\" src=\"https:\/\/johannesauer.com\/wp-content\/uploads\/2025\/04\/project-1024x639.png\" style=\"object-position:40% 43%\" data-object-fit=\"cover\" data-object-position=\"40% 43%\" srcset=\"https:\/\/johannesauer.com\/wp-content\/uploads\/2025\/04\/project-1024x639.png 1024w, https:\/\/johannesauer.com\/wp-content\/uploads\/2025\/04\/project-300x187.png 300w, https:\/\/johannesauer.com\/wp-content\/uploads\/2025\/04\/project-768x479.png 768w, https:\/\/johannesauer.com\/wp-content\/uploads\/2025\/04\/project.png 1280w\" sizes=\"auto, (max-width: 1024px) 100vw, 1024px\" \/><span aria-hidden=\"true\" class=\"wp-block-cover__background has-base-background-color has-background-dim-30 has-background-dim\"><\/span><div class=\"wp-block-cover__inner-container is-layout-flow wp-block-cover-is-layout-flow\">\n<div style=\"height:253px\" aria-hidden=\"true\" class=\"wp-block-spacer\"><\/div>\n<\/div><\/div>\n\n\n\n<p style=\"font-size:12px\">Suchen Sie einen erfahrenen SAP VIM Berater, der Ihr Unternehmen mit Training, Coaching, kontinuierlicher Prozessoptimierung, Projektmanagement oder strategischer Beratung unterst\u00fctzt?<\/p>\n\n\n\n<p style=\"font-size:12px\">Ich bin Johannes Auer \u2013 unabh\u00e4ngiger SAP-Experte mit Schwerpunkt auf OpenText Vendor Invoice Management (SAP VIM). Mit nachweislicher Erfolgsbilanz in der Optimierung der Rechnungsverarbeitung und der Steigerung operativer Exzellenz biete ich ma\u00dfgeschneiderte Unterst\u00fctzung f\u00fcr kurzfristige Projekte sowie langfristige Zusammenarbeit.<\/p>\n\n\n\n<p style=\"font-size:12px\">Ob Optimierung Ihrer bestehenden SAP-VIM-Landschaft, Einf\u00fchrung neuer L\u00f6sungen oder teamorientierte, individuelle Trainings \u2013 ich unterst\u00fctze Sie dabei, Durchlaufzeiten zu verk\u00fcrzen, Prozessqualit\u00e4t zu erh\u00f6hen und Kosten nachhaltig zu senken.<br>Kontaktieren Sie mich, um zu besprechen, wie ich Ihre Ziele mit SAP VIM bestm\u00f6glich unterst\u00fctzen kann.<\/p>\n","protected":false},"excerpt":{"rendered":"<p>&#8222;Egal, an welchem Punkt Sie bei SAP Vendor Invoice management (SAP VIM) stehen \u2013 ich freue mich auf Ihre Nachricht und darauf, wie ich Sie bei Ihren Zielen unterst\u00fctzen kann.&#8220; Deutsch Muttersprache English verhandlungssicher Suchen Sie einen erfahrenen SAP VIM Berater, der Ihr Unternehmen mit Training, Coaching, kontinuierlicher Prozessoptimierung, Projektmanagement oder strategischer Beratung unterst\u00fctzt? Ich [&hellip;]<\/p>\n","protected":false},"author":1,"featured_media":0,"parent":0,"menu_order":0,"comment_status":"closed","ping_status":"closed","template":"page-not-title","meta":{"footnotes":""},"class_list":["post-946","page","type-page","status-publish","hentry"],"yoast_head":"<!-- This site is optimized with the Yoast SEO plugin v27.4 - https:\/\/yoast.com\/product\/yoast-seo-wordpress\/ -->\n<title>Kontakt<\/title>\n<meta name=\"description\" content=\"Erfahrener SAP Vendor Invoice Management Consultant (OpenText SAP VIM): Training, Coaching, Prozessoptimierung &amp; Strategieberatung.\" \/>\n<meta name=\"robots\" content=\"index, follow, max-snippet:-1, max-image-preview:large, max-video-preview:-1\" \/>\n<link rel=\"canonical\" href=\"https:\/\/johannesauer.com\/de\/contact\/\" \/>\n<script type=\"application\/ld+json\" class=\"yoast-schema-graph\">{\"@context\":\"https:\\\/\\\/schema.org\",\"@graph\":[{\"@type\":\"WebPage\",\"@id\":\"https:\\\/\\\/johannesauer.com\\\/en\\\/contact\\\/\",\"url\":\"https:\\\/\\\/johannesauer.com\\\/en\\\/contact\\\/\",\"name\":\"Kontakt\",\"isPartOf\":{\"@id\":\"https:\\\/\\\/johannesauer.com\\\/#website\"},\"primaryImageOfPage\":{\"@id\":\"https:\\\/\\\/johannesauer.com\\\/en\\\/contact\\\/#primaryimage\"},\"image\":{\"@id\":\"https:\\\/\\\/johannesauer.com\\\/en\\\/contact\\\/#primaryimage\"},\"thumbnailUrl\":\"https:\\\/\\\/johannesauer.com\\\/wp-content\\\/uploads\\\/2025\\\/06\\\/5-1024x593.jpg\",\"datePublished\":\"2025-04-28T16:02:17+00:00\",\"dateModified\":\"2026-01-09T14:00:13+00:00\",\"description\":\"Erfahrener SAP Vendor Invoice Management Consultant (OpenText SAP VIM): Training, Coaching, Prozessoptimierung & Strategieberatung.\",\"breadcrumb\":{\"@id\":\"https:\\\/\\\/johannesauer.com\\\/en\\\/contact\\\/#breadcrumb\"},\"inLanguage\":\"de-DE\",\"potentialAction\":[{\"@type\":\"ReadAction\",\"target\":[\"https:\\\/\\\/johannesauer.com\\\/en\\\/contact\\\/\"]}]},{\"@type\":\"ImageObject\",\"inLanguage\":\"de-DE\",\"@id\":\"https:\\\/\\\/johannesauer.com\\\/en\\\/contact\\\/#primaryimage\",\"url\":\"https:\\\/\\\/johannesauer.com\\\/wp-content\\\/uploads\\\/2025\\\/06\\\/5-1024x593.jpg\",\"contentUrl\":\"https:\\\/\\\/johannesauer.com\\\/wp-content\\\/uploads\\\/2025\\\/06\\\/5-1024x593.jpg\"},{\"@type\":\"BreadcrumbList\",\"@id\":\"https:\\\/\\\/johannesauer.com\\\/en\\\/contact\\\/#breadcrumb\",\"itemListElement\":[{\"@type\":\"ListItem\",\"position\":1,\"name\":\"Home\",\"item\":\"https:\\\/\\\/johannesauer.com\\\/en\\\/\"},{\"@type\":\"ListItem\",\"position\":2,\"name\":\"Contact\"}]},{\"@type\":\"WebSite\",\"@id\":\"https:\\\/\\\/johannesauer.com\\\/#website\",\"url\":\"https:\\\/\\\/johannesauer.com\\\/\",\"name\":\"Johannes Auer\",\"description\":\"SAP VIM Consulting\",\"publisher\":{\"@id\":\"https:\\\/\\\/johannesauer.com\\\/#organization\"},\"potentialAction\":[{\"@type\":\"SearchAction\",\"target\":{\"@type\":\"EntryPoint\",\"urlTemplate\":\"https:\\\/\\\/johannesauer.com\\\/?s={search_term_string}\"},\"query-input\":{\"@type\":\"PropertyValueSpecification\",\"valueRequired\":true,\"valueName\":\"search_term_string\"}}],\"inLanguage\":\"de-DE\"},{\"@type\":\"Organization\",\"@id\":\"https:\\\/\\\/johannesauer.com\\\/#organization\",\"name\":\"Johannes Auer\",\"url\":\"https:\\\/\\\/johannesauer.com\\\/\",\"logo\":{\"@type\":\"ImageObject\",\"inLanguage\":\"de-DE\",\"@id\":\"https:\\\/\\\/johannesauer.com\\\/#\\\/schema\\\/logo\\\/image\\\/\",\"url\":\"https:\\\/\\\/johannesauer.com\\\/wp-content\\\/uploads\\\/2026\\\/01\\\/Logo-2026-space-marble-picture-scaled.png\",\"contentUrl\":\"https:\\\/\\\/johannesauer.com\\\/wp-content\\\/uploads\\\/2026\\\/01\\\/Logo-2026-space-marble-picture-scaled.png\",\"width\":2560,\"height\":2560,\"caption\":\"Johannes Auer\"},\"image\":{\"@id\":\"https:\\\/\\\/johannesauer.com\\\/#\\\/schema\\\/logo\\\/image\\\/\"},\"sameAs\":[\"https:\\\/\\\/www.linkedin.com\\\/in\\\/auer\\\/\"]}]}<\/script>\n<!-- \/ Yoast SEO plugin. -->","yoast_head_json":{"title":"Kontakt","description":"Erfahrener SAP Vendor Invoice Management Consultant (OpenText SAP VIM): Training, Coaching, Prozessoptimierung & Strategieberatung.","robots":{"index":"index","follow":"follow","max-snippet":"max-snippet:-1","max-image-preview":"max-image-preview:large","max-video-preview":"max-video-preview:-1"},"canonical":"https:\/\/johannesauer.com\/de\/contact\/","schema":{"@context":"https:\/\/schema.org","@graph":[{"@type":"WebPage","@id":"https:\/\/johannesauer.com\/en\/contact\/","url":"https:\/\/johannesauer.com\/en\/contact\/","name":"Kontakt","isPartOf":{"@id":"https:\/\/johannesauer.com\/#website"},"primaryImageOfPage":{"@id":"https:\/\/johannesauer.com\/en\/contact\/#primaryimage"},"image":{"@id":"https:\/\/johannesauer.com\/en\/contact\/#primaryimage"},"thumbnailUrl":"https:\/\/johannesauer.com\/wp-content\/uploads\/2025\/06\/5-1024x593.jpg","datePublished":"2025-04-28T16:02:17+00:00","dateModified":"2026-01-09T14:00:13+00:00","description":"Erfahrener SAP Vendor Invoice Management Consultant (OpenText SAP VIM): Training, Coaching, Prozessoptimierung & Strategieberatung.","breadcrumb":{"@id":"https:\/\/johannesauer.com\/en\/contact\/#breadcrumb"},"inLanguage":"de-DE","potentialAction":[{"@type":"ReadAction","target":["https:\/\/johannesauer.com\/en\/contact\/"]}]},{"@type":"ImageObject","inLanguage":"de-DE","@id":"https:\/\/johannesauer.com\/en\/contact\/#primaryimage","url":"https:\/\/johannesauer.com\/wp-content\/uploads\/2025\/06\/5-1024x593.jpg","contentUrl":"https:\/\/johannesauer.com\/wp-content\/uploads\/2025\/06\/5-1024x593.jpg"},{"@type":"BreadcrumbList","@id":"https:\/\/johannesauer.com\/en\/contact\/#breadcrumb","itemListElement":[{"@type":"ListItem","position":1,"name":"Home","item":"https:\/\/johannesauer.com\/en\/"},{"@type":"ListItem","position":2,"name":"Contact"}]},{"@type":"WebSite","@id":"https:\/\/johannesauer.com\/#website","url":"https:\/\/johannesauer.com\/","name":"Johannes Auer","description":"SAP VIM Consulting","publisher":{"@id":"https:\/\/johannesauer.com\/#organization"},"potentialAction":[{"@type":"SearchAction","target":{"@type":"EntryPoint","urlTemplate":"https:\/\/johannesauer.com\/?s={search_term_string}"},"query-input":{"@type":"PropertyValueSpecification","valueRequired":true,"valueName":"search_term_string"}}],"inLanguage":"de-DE"},{"@type":"Organization","@id":"https:\/\/johannesauer.com\/#organization","name":"Johannes Auer","url":"https:\/\/johannesauer.com\/","logo":{"@type":"ImageObject","inLanguage":"de-DE","@id":"https:\/\/johannesauer.com\/#\/schema\/logo\/image\/","url":"https:\/\/johannesauer.com\/wp-content\/uploads\/2026\/01\/Logo-2026-space-marble-picture-scaled.png","contentUrl":"https:\/\/johannesauer.com\/wp-content\/uploads\/2026\/01\/Logo-2026-space-marble-picture-scaled.png","width":2560,"height":2560,"caption":"Johannes Auer"},"image":{"@id":"https:\/\/johannesauer.com\/#\/schema\/logo\/image\/"},"sameAs":["https:\/\/www.linkedin.com\/in\/auer\/"]}]}},"_links":{"self":[{"href":"https:\/\/johannesauer.com\/de\/wp-json\/wp\/v2\/pages\/946","targetHints":{"allow":["GET"]}}],"collection":[{"href":"https:\/\/johannesauer.com\/de\/wp-json\/wp\/v2\/pages"}],"about":[{"href":"https:\/\/johannesauer.com\/de\/wp-json\/wp\/v2\/types\/page"}],"author":[{"embeddable":true,"href":"https:\/\/johannesauer.com\/de\/wp-json\/wp\/v2\/users\/1"}],"replies":[{"embeddable":true,"href":"https:\/\/johannesauer.com\/de\/wp-json\/wp\/v2\/comments?post=946"}],"version-history":[{"count":0,"href":"https:\/\/johannesauer.com\/de\/wp-json\/wp\/v2\/pages\/946\/revisions"}],"wp:attachment":[{"href":"https:\/\/johannesauer.com\/de\/wp-json\/wp\/v2\/media?parent=946"}],"curies":[{"name":"wp","href":"https:\/\/api.w.org\/{rel}","templated":true}]}}